{"id":593,"date":"2022-07-05T16:00:54","date_gmt":"2022-07-05T16:00:54","guid":{"rendered":"https:\/\/www.valleyhomesmallorca.com\/?page_id=593"},"modified":"2026-02-02T17:25:40","modified_gmt":"2026-02-02T17:25:40","slug":"dienstleistungen","status":"publish","type":"page","link":"https:\/\/www.valleyhomesmallorca.com\/de\/dienstleistungen\/","title":{"rendered":"HAUSBETREUUNG SERVICES"},"content":{"rendered":"\n<div id=\"banner-block_547a6a43bf2463f3052f806eaef12f63\" class=\"full-banner mb-5\">\n    <div class=\"width-100\">\n        <div class=\"position-relative\">\n\t\t\t\t\t<img loading=\"lazy\" decoding=\"async\" width=\"1920\" height=\"800\" src=\"https:\/\/www.valleyhomesmallorca.com\/wp-content\/uploads\/2022\/08\/services-prov.jpg\" class=\"attachment-full size-full\" alt=\"\" srcset=\"https:\/\/www.valleyhomesmallorca.com\/wp-content\/uploads\/2022\/08\/services-prov.jpg 1920w, https:\/\/www.valleyhomesmallorca.com\/wp-content\/uploads\/2022\/08\/services-prov-300x125.jpg 300w, https:\/\/www.valleyhomesmallorca.com\/wp-content\/uploads\/2022\/08\/services-prov-1024x427.jpg 1024w, https:\/\/www.valleyhomesmallorca.com\/wp-content\/uploads\/2022\/08\/services-prov-768x320.jpg 768w, https:\/\/www.valleyhomesmallorca.com\/wp-content\/uploads\/2022\/08\/services-prov-1536x640.jpg 1536w\" sizes=\"auto, (max-width: 1920px) 100vw, 1920px\" \/>            <div class=\"caption py-4\">Pool- und Garten Betreuung auf Mallorca und im Tal von S\u00f3ller<\/div>\n        <\/div>\n    <\/div>\n<\/div>\n\n\n\n<h2 class=\"wp-block-heading has-text-align-center text-gris lemon fs-28 mb-5\">HAUSBETREUUNG ServiceS MALLORCA<\/h2>\n\n\n\n<p class=\"has-text-align-left\"><\/p>\n\n\n\n<p>Viele Immobilienbesitzer empfinden den Unterhalt eines Ferienobjektes als belastend. Valley Homes bietet schnelle, kosteng\u00fcnstige, umfassende Instandsetzungs-, Reparatur, Reinigung und Renovierungs-Dienstleistungen.<\/p>\n\n\n\n<p>Wir organisieren und \u00fcberwachen Instandhaltungs- und Modernisierungsarbeiten, die Vorbereitungen auf die Ankunft der G\u00e4ste und k\u00fcmmern uns um eventuelle Notf\u00e4lle. Mit einem hochqualifizierten Team von professionellen Wartungstechnikern und diversen Handwerkern aus der Region stellen wir eine schnelle, effiziente und kosteng\u00fcnstige Erledigung aller Aufgaben sicher.<\/p>\n\n\n\n<p>Verlassen Sie sich auf uns, wenn es darum geht, Ihr Feriendomizil oder Ihren Zweitwohnsitz in guten H\u00e4nden zu wissen&nbsp;\u2013 gepflegt und jederzeit einladend.<\/p>\n\n\n\n<p><\/p>\n\n\n\n<p class=\"my-5\"><\/p>\n\n\n<div id=\"block-block_532213125c416e98caef93a271dea867\" class=\"animate width-100 mb-5\">\n    <div class=\"custom-block image-right\">\n        <div class=\"row align-items-center\">\n\t\t\t\t\t              <div class=\"col-lg-4 col-md-6 col-sm-10 col-11 first\">\n                  <div class=\"block-text bg-white p-md-5 p-md-2 p-3 py-4\">\n                      <h2 class=\"h4 lemon text-oro mb-3\">GARTENPFLEGE<\/h2>\n                      <p class=\"mb-0\">\n\t\t\t\t\t\t\t\t\t\t\t\tWir bringen Gartenbereiche zum Aufbl\u00fchen. \r\nMit unserer Erfahrung im Bereich Objektbetreuung und Engagement schaffen wir Au\u00dfenbereiche der Extraklasse.                       <\/p>\n                  <\/div>\n              <\/div>\n              <div class=\"col-lg-8 col-md-10 col-12 last\">\n                  <div>\n\t\t\t\t\t\t\t\t\t\t<img loading=\"lazy\" decoding=\"async\" width=\"1230\" height=\"667\" src=\"https:\/\/www.valleyhomesmallorca.com\/wp-content\/uploads\/2022\/08\/sg.jpg\" class=\"attachment-full size-full\" alt=\"\" srcset=\"https:\/\/www.valleyhomesmallorca.com\/wp-content\/uploads\/2022\/08\/sg.jpg 1230w, https:\/\/www.valleyhomesmallorca.com\/wp-content\/uploads\/2022\/08\/sg-300x163.jpg 300w, https:\/\/www.valleyhomesmallorca.com\/wp-content\/uploads\/2022\/08\/sg-1024x555.jpg 1024w, https:\/\/www.valleyhomesmallorca.com\/wp-content\/uploads\/2022\/08\/sg-768x416.jpg 768w\" sizes=\"auto, (max-width: 1230px) 100vw, 1230px\" \/>                  <\/div>\n              <\/div>\n\t\t\t\t\t\n        <\/div>\n    <\/div>\n<\/div>\n\n<style>\n    .block-editor-block-list__layout.is-root-container .row.align-items-center,\n    .block-editor-block-list__layout.is-root-container .col.align-items-center {\n        display: flex !important\n    }\n\n    .block-editor-block-list__layout.is-root-container .image-right .block-text {\n        left: 0\n    }\n\n    .block-editor-block-list__layout.is-root-container .image-left .block-text {\n        right: 0\n    }\n<\/style>\n\n\n\n\r\n\t\t<div  class=\"block-93a1b91f-a5d7-4d3b-b97b-842566018ae1 areoi-element width-100 bg-gris-light py-5 mb-5\">\r\n\t\t\t\r\n\t\t\t\n\r\n\t\t<div  class=\"block-1d71990a-0d07-430b-badd-d8577ae4a40c areoi-element container\">\r\n\t\t\t\r\n\t\t\t\n\r\n\t\t<div  class=\"block-dfbc19af-c30e-4ee2-a47b-f0cd456f8866 row areoi-element row-cols-1 row-cols-sm-1 row-cols-md-2\">\r\n\t\t\t\r\n\r\n\t\t\t\n\r\n\t\t<div  class=\"block-06c9b902-3f8c-470c-b61a-c9e45c94c806 col areoi-element\">\r\n\t\t\t\r\n\t\t\t\n\n<ul class=\"wp-block-list\">\n<li>Saisonaler Baumschnitt&nbsp;<\/li>\n\n\n\n<li>R\u00fcckschneiden und Einfassen&nbsp;<\/li>\n\n\n\n<li>Anpflanzen und Neupflanzen von Blumen und Gr\u00fcnpflanzen&nbsp;<\/li>\n\n\n\n<li>Unkrautbek\u00e4mpfung&nbsp;<\/li>\n\n\n\n<li>Rasenpflege&nbsp;<\/li>\n<\/ul>\n\n \r\n\t\t\t\r\n\t\t<\/div>\r\n\t\n\n\r\n\t\t<div  class=\"block-fe5113cd-d4c8-47c5-a61c-207e027db5ad col areoi-element\">\r\n\t\t\t\r\n\t\t\t\n\n<ul class=\"wp-block-list\">\n<li><strong>Extra-Services, um Ihren Garten noch besser zur Geltung zu bringen:&nbsp;<\/strong><\/li>\n\n\n\n<li>Landschaftsg\u00e4rtnerei&nbsp;<\/li>\n\n\n\n<li>Reinigung mit dem Hochdruckreiniger<\/li>\n\n\n\n<li>Installation von Bew\u00e4sserungsanlagen<\/li>\n<\/ul>\n\n \r\n\t\t\t\r\n\t\t<\/div>\r\n\t\n \r\n\t\t<\/div>\r\n\t\n \r\n\t\t<\/div>\r\n\t\n\r\n\t\t\t \r\n\t\t<\/div>\r\n\t\n\n\n<h3 class=\"wp-block-heading has-text-align-center italic text-oro times mb-5 max-700\">Dank individuellem Pflegeplan f\u00fcr Ihren Garten wissen wir genau, wann welche Arbeiten anstehen, um das Pflanzenwachstum in Ihrem Garten zu optimieren.<\/h3>\n\n\n<div id=\"block-block_4839311377c8ea5f2c84f90396fc49b1\" class=\"animate width-100 mb-5\">\n    <div class=\"custom-block image-left\">\n        <div class=\"row align-items-center\">\n\t\t\t\t\t              <div class=\"col-lg-4 col-md-6 col-sm-10 col-11 first\">\n                  <div class=\"block-text bg-white p-md-5 p-md-2 p-3 py-4\">\n                      <h2 class=\"h4 lemon text-oro mb-3\">POOL SERVICES<\/h2>\n                      <p class=\"mb-0\">\n\t\t\t\t\t\t\t\t\t\t\t\tF\u00fcr viele, die ein Ferienhaus suchen, ist ein eigener Pool ein wichtiges Entscheidungskriterium. Unser zugelassenes Profiteam an Poolspezialisten bietet erstklassige laufende Wartungs- und Reparaturdienste, um Ihren Pool sauber, ansprechend und funktionst\u00fcchtig zu erhalten.                       <\/p>\n                  <\/div>\n              <\/div>\n              <div class=\"col-lg-8 col-md-10 col-12 last\">\n                  <div>\n\t\t\t\t\t\t\t\t\t\t<img loading=\"lazy\" decoding=\"async\" width=\"1246\" height=\"667\" src=\"https:\/\/www.valleyhomesmallorca.com\/wp-content\/uploads\/2022\/07\/servicios_piscinas.jpg\" class=\"attachment-full size-full\" alt=\"\" srcset=\"https:\/\/www.valleyhomesmallorca.com\/wp-content\/uploads\/2022\/07\/servicios_piscinas.jpg 1246w, https:\/\/www.valleyhomesmallorca.com\/wp-content\/uploads\/2022\/07\/servicios_piscinas-300x161.jpg 300w, https:\/\/www.valleyhomesmallorca.com\/wp-content\/uploads\/2022\/07\/servicios_piscinas-1024x548.jpg 1024w, https:\/\/www.valleyhomesmallorca.com\/wp-content\/uploads\/2022\/07\/servicios_piscinas-768x411.jpg 768w\" sizes=\"auto, (max-width: 1246px) 100vw, 1246px\" \/>                  <\/div>\n              <\/div>\n\t\t\t\t\t\n        <\/div>\n    <\/div>\n<\/div>\n\n<style>\n    .block-editor-block-list__layout.is-root-container .row.align-items-center,\n    .block-editor-block-list__layout.is-root-container .col.align-items-center {\n        display: flex !important\n    }\n\n    .block-editor-block-list__layout.is-root-container .image-right .block-text {\n        left: 0\n    }\n\n    .block-editor-block-list__layout.is-root-container .image-left .block-text {\n        right: 0\n    }\n<\/style>\n\n\n\n\r\n\t\t<div  class=\"block-dc73d239-a93d-40e2-b71e-a3e99d90ca3f areoi-element width-100 bg-gris-light py-5\">\r\n\t\t\t\r\n\t\t\t\n\r\n\t\t<div  class=\"block-31784061-47ae-4063-bb8d-d65117eeca90 areoi-element container\">\r\n\t\t\t\r\n\t\t\t\n\r\n\t\t<div  class=\"block-f94e4004-970b-4069-a489-2ab2562d9d79 areoi-element b p-3\">\r\n\t\t\t\r\n\t\t\t\n\n<h4 class=\"wp-block-heading has-text-align-center lemon text-oro mb-5\">Unsere Pool-Wartungs- und -Reparaturdienste:<\/h4>\n\n\n\n<h5 class=\"wp-block-heading checkmark text-oro lemon\">Regelm\u00e4\u00dfige Poolwartung<\/h5>\n\n\n\n<p class=\"mb-5\">F\u00fcr viele, die ein Ferienhaus suchen, ist ein eigener Pool ein wichtiges Entscheidungskriterium. Unser zugelassenes Profiteam an Poolspezialisten bietet erstklassige laufende Wartungs- und Reparaturdienste, um Ihren Pool sauber, ansprechend und funktionst\u00fcchtig zu erhalten.&nbsp;<\/p>\n\n\n\n<h5 class=\"wp-block-heading checkmark text-oro lemon\">Wiederinbetriebnahme<\/h5>\n\n\n\n<p class=\"mb-5\">Zum Start der Saison bereiten wir Pools auf, entfernen die Winterplane und lagern sie ein, setzen alle Anlagenkomponenten wieder zusammen, f\u00fcllen den Wasserstand nach und unterziehen alles einer Pr\u00fcfung und Reinigung.<\/p>\n\n\n\n<h5 class=\"wp-block-heading checkmark text-oro lemon\">Einwintern<\/h5>\n\n\n\n<p class=\"mb-5\">Zum Ende der Saison machen wir Ihren Pool winterfest.&nbsp;<\/p>\n\n\n\n<h5 class=\"wp-block-heading checkmark text-oro lemon\">Pool-Sanierung<\/h5>\n\n\n\n<p class=\"mb-5\">Fehlen Ihrem Pool Funktionen, sind M\u00e4ngel vorhanden oder ist er unansehnlich geworden, k\u00f6nnen ihn unsere Spezialisten zu einem rundum attraktiven Entspannungsbereich gestalten, den Sie immer wieder gerne nutzen werden.&nbsp;<\/p>\n\n\r\n\t\t\t \r\n\t\t<\/div>\r\n\t\n\r\n\t\t\t \r\n\t\t<\/div>\r\n\t\n\r\n\t\t\t \r\n\t\t<\/div>\r\n\t\n\n<div id=\"block-block_b23307eba4dec09477748d6221119f8d\" class=\"animate width-100 mb-5\">\n    <div class=\"custom-block image-right\">\n        <div class=\"row align-items-center\">\n\t\t\t\t\t              <div class=\"col-lg-4 col-md-6 col-sm-10 col-11 first\">\n                  <div class=\"block-text bg-white p-md-5 p-md-2 p-3 py-4\">\n                      <h2 class=\"h4 lemon text-oro mb-3\">VERSCH\u00d6NERUNGSARBEITEN AN HAUS UND GARTEN<\/h2>\n                      <p class=\"mb-0\">\n\t\t\t\t\t\t\t\t\t\t\t\t\u00dcber die regelm\u00e4\u00dfige Pflege- und Wartungsbesuche hinaus bietet Valley Homes auch Versch\u00f6nerungsprojekte auf hohem Niveau. Die mit uns zusammenarbeitenden Handwerksbetriebe betreuen jedes Versch\u00f6nerungsprojekt an Ihrem Haus oder Garten jeder Gr\u00f6\u00dfe. \r\nAlle Projekte werden fachgerecht ausgef\u00fchrt und vor Ihrer Ankunft abgeschlossen, um zu gew\u00e4hrleisten, dass Ihr Zweiwohnsitz auf Mallorca der perfekte R\u00fcckzugsort vor der Hektik des Alltags ist. Von kleinen Arbeiten bis zu gro\u00df angelegten Renovierungsprojekten, auf uns k\u00f6nnen Sie z\u00e4hlen.\r\n\r\nWir liefern, wovon Sie tr\u00e4umen.                      <\/p>\n                  <\/div>\n              <\/div>\n              <div class=\"col-lg-8 col-md-10 col-12 last\">\n                  <div>\n\t\t\t\t\t\t\t\t\t\t<img loading=\"lazy\" decoding=\"async\" width=\"1246\" height=\"667\" src=\"https:\/\/www.valleyhomesmallorca.com\/wp-content\/uploads\/2022\/07\/gardening.jpg\" class=\"attachment-full size-full\" alt=\"\" srcset=\"https:\/\/www.valleyhomesmallorca.com\/wp-content\/uploads\/2022\/07\/gardening.jpg 1246w, https:\/\/www.valleyhomesmallorca.com\/wp-content\/uploads\/2022\/07\/gardening-300x161.jpg 300w, https:\/\/www.valleyhomesmallorca.com\/wp-content\/uploads\/2022\/07\/gardening-1024x548.jpg 1024w, https:\/\/www.valleyhomesmallorca.com\/wp-content\/uploads\/2022\/07\/gardening-768x411.jpg 768w\" sizes=\"auto, (max-width: 1246px) 100vw, 1246px\" \/>                  <\/div>\n              <\/div>\n\t\t\t\t\t\n        <\/div>\n    <\/div>\n<\/div>\n\n<style>\n    .block-editor-block-list__layout.is-root-container .row.align-items-center,\n    .block-editor-block-list__layout.is-root-container .col.align-items-center {\n        display: flex !important\n    }\n\n    .block-editor-block-list__layout.is-root-container .image-right .block-text {\n        left: 0\n    }\n\n    .block-editor-block-list__layout.is-root-container .image-left .block-text {\n        right: 0\n    }\n<\/style>\n\n\n\n\r\n\t\t<div  class=\"block-1452e3b4-c0b6-4d31-85a4-6041c62badaa row areoi-element gx-0\">\r\n\t\t\t\r\n\r\n\t\t\t\n\r\n\t\t<div  class=\"block-0be0768a-2533-4300-ae89-f50a36be2b29 col areoi-element\">\r\n\t\t\t\r\n\t\t\t \r\n\t\t\t\r\n\t\t<\/div>\r\n\t\n\n\r\n\t\t<div  class=\"block-0bdd399f-7faa-4a01-9296-0a52610b50ae col areoi-element col-12 col-sm-12 col-md-11 col-lg-8\">\r\n\t\t\t\r\n\t\t\t\n\n<p>Alle Projekte werden fachgerecht ausgef\u00fchrt und vor Ihrer Ankunft abgeschlossen, um zu gew\u00e4hrleisten, dass Ihr Zweiwohnsitz auf Mallorca der perfekte R\u00fcckzugsort vor der Hektik des Alltags ist. Von kleinen Arbeiten bis hin zu gro\u00df angelegten Renovierungsprojekten, auf uns k\u00f6nnen Sie z\u00e4hlen.<\/p>\n\n\n\n<p>Wir liefern, wovon Sie tr\u00e4umen.<\/p>\n\n \r\n\t\t\t\r\n\t\t<\/div>\r\n\t\n \r\n\t\t<\/div>\r\n\t","protected":false},"excerpt":{"rendered":"<p>HAUSBETREUUNG ServiceS MALLORCA Viele Immobilienbesitzer empfinden den Unterhalt eines Ferienobjektes als belastend. Valley Homes bietet schnelle, kosteng\u00fcnstige, umfassende Instandsetzungs-, Reparatur, Reinigung und Renovierungs-Dienstleistungen. Wir organisieren und \u00fcberwachen Instandhaltungs- und Modernisierungsarbeiten, die Vorbereitungen auf die Ankunft der G\u00e4ste und k\u00fcmmern uns um eventuelle Notf\u00e4lle. Mit einem hochqualifizierten Team von professionellen Wartungstechnikern und diversen Handwerkern aus der [&hellip;]<\/p>\n","protected":false},"author":1,"featured_media":0,"parent":0,"menu_order":0,"comment_status":"closed","ping_status":"closed","template":"","meta":{"_acf_changed":false,"footnotes":""},"class_list":["post-593","page","type-page","status-publish","hentry"],"acf":[],"yoast_head":"<!-- This site is optimized with the Yoast SEO plugin v26.5 - https:\/\/yoast.com\/wordpress\/plugins\/seo\/ -->\n<title>HAUSBETREUUNG SERVICES - Valley Homes Mallorca<\/title>\n<meta name=\"description\" content=\"HAUSBETREUUNG SERVICES - Valley Homes Mallorca\" \/>\n<meta name=\"robots\" content=\"index, follow, max-snippet:-1, max-image-preview:large, max-video-preview:-1\" \/>\n<link rel=\"canonical\" href=\"https:\/\/www.valleyhomesmallorca.com\/de\/dienstleistungen\/\" \/>\n<meta property=\"og:locale\" content=\"de_DE\" \/>\n<meta property=\"og:type\" content=\"article\" \/>\n<meta property=\"og:title\" content=\"HAUSBETREUUNG SERVICES - Valley Homes Mallorca\" \/>\n<meta property=\"og:description\" content=\"HAUSBETREUUNG SERVICES - Valley Homes Mallorca\" \/>\n<meta property=\"og:url\" content=\"https:\/\/www.valleyhomesmallorca.com\/de\/dienstleistungen\/\" \/>\n<meta property=\"og:site_name\" content=\"Valley Homes Mallorca\" \/>\n<meta property=\"article:modified_time\" content=\"2026-02-02T17:25:40+00:00\" \/>\n<meta name=\"twitter:card\" content=\"summary_large_image\" \/>\n<meta name=\"twitter:label1\" content=\"Gesch\u00e4tzte Lesezeit\" \/>\n\t<meta name=\"twitter:data1\" content=\"3\u00a0Minuten\" \/>\n<script type=\"application\/ld+json\" class=\"yoast-schema-graph\">{\"@context\":\"https:\/\/schema.org\",\"@graph\":[{\"@type\":\"WebPage\",\"@id\":\"https:\/\/www.valleyhomesmallorca.com\/de\/dienstleistungen\/\",\"url\":\"https:\/\/www.valleyhomesmallorca.com\/de\/dienstleistungen\/\",\"name\":\"HAUSBETREUUNG SERVICES - Valley Homes Mallorca\",\"isPartOf\":{\"@id\":\"https:\/\/www.valleyhomesmallorca.com\/de\/#website\"},\"datePublished\":\"2022-07-05T16:00:54+00:00\",\"dateModified\":\"2026-02-02T17:25:40+00:00\",\"description\":\"HAUSBETREUUNG SERVICES - Valley Homes Mallorca\",\"breadcrumb\":{\"@id\":\"https:\/\/www.valleyhomesmallorca.com\/de\/dienstleistungen\/#breadcrumb\"},\"inLanguage\":\"de\",\"potentialAction\":[{\"@type\":\"ReadAction\",\"target\":[\"https:\/\/www.valleyhomesmallorca.com\/de\/dienstleistungen\/\"]}]},{\"@type\":\"BreadcrumbList\",\"@id\":\"https:\/\/www.valleyhomesmallorca.com\/de\/dienstleistungen\/#breadcrumb\",\"itemListElement\":[{\"@type\":\"ListItem\",\"position\":1,\"name\":\"Home\",\"item\":\"https:\/\/www.valleyhomesmallorca.com\/de\/\"},{\"@type\":\"ListItem\",\"position\":2,\"name\":\"HAUSBETREUUNG SERVICES\"}]},{\"@type\":\"WebSite\",\"@id\":\"https:\/\/www.valleyhomesmallorca.com\/de\/#website\",\"url\":\"https:\/\/www.valleyhomesmallorca.com\/de\/\",\"name\":\"Valley Homes Mallorca\",\"description\":\"Property Management and Holiday Rentals in Mallorca\",\"publisher\":{\"@id\":\"https:\/\/www.valleyhomesmallorca.com\/de\/#organization\"},\"potentialAction\":[{\"@type\":\"SearchAction\",\"target\":{\"@type\":\"EntryPoint\",\"urlTemplate\":\"https:\/\/www.valleyhomesmallorca.com\/de\/?s={search_term_string}\"},\"query-input\":{\"@type\":\"PropertyValueSpecification\",\"valueRequired\":true,\"valueName\":\"search_term_string\"}}],\"inLanguage\":\"de\"},{\"@type\":\"Organization\",\"@id\":\"https:\/\/www.valleyhomesmallorca.com\/de\/#organization\",\"name\":\"Valley Homes Mallorca\",\"url\":\"https:\/\/www.valleyhomesmallorca.com\/de\/\",\"logo\":{\"@type\":\"ImageObject\",\"inLanguage\":\"de\",\"@id\":\"https:\/\/www.valleyhomesmallorca.com\/de\/#\/schema\/logo\/image\/\",\"url\":\"https:\/\/www.valleyhomesmallorca.com\/wp-content\/uploads\/2022\/07\/logo.svg\",\"contentUrl\":\"https:\/\/www.valleyhomesmallorca.com\/wp-content\/uploads\/2022\/07\/logo.svg\",\"width\":1,\"height\":1,\"caption\":\"Valley Homes Mallorca\"},\"image\":{\"@id\":\"https:\/\/www.valleyhomesmallorca.com\/de\/#\/schema\/logo\/image\/\"}}]}<\/script>\n<!-- \/ Yoast SEO plugin. -->","yoast_head_json":{"title":"HAUSBETREUUNG SERVICES - Valley Homes Mallorca","description":"HAUSBETREUUNG SERVICES - Valley Homes Mallorca","robots":{"index":"index","follow":"follow","max-snippet":"max-snippet:-1","max-image-preview":"max-image-preview:large","max-video-preview":"max-video-preview:-1"},"canonical":"https:\/\/www.valleyhomesmallorca.com\/de\/dienstleistungen\/","og_locale":"de_DE","og_type":"article","og_title":"HAUSBETREUUNG SERVICES - Valley Homes Mallorca","og_description":"HAUSBETREUUNG SERVICES - Valley Homes Mallorca","og_url":"https:\/\/www.valleyhomesmallorca.com\/de\/dienstleistungen\/","og_site_name":"Valley Homes Mallorca","article_modified_time":"2026-02-02T17:25:40+00:00","twitter_card":"summary_large_image","twitter_misc":{"Gesch\u00e4tzte Lesezeit":"3\u00a0Minuten"},"schema":{"@context":"https:\/\/schema.org","@graph":[{"@type":"WebPage","@id":"https:\/\/www.valleyhomesmallorca.com\/de\/dienstleistungen\/","url":"https:\/\/www.valleyhomesmallorca.com\/de\/dienstleistungen\/","name":"HAUSBETREUUNG SERVICES - Valley Homes Mallorca","isPartOf":{"@id":"https:\/\/www.valleyhomesmallorca.com\/de\/#website"},"datePublished":"2022-07-05T16:00:54+00:00","dateModified":"2026-02-02T17:25:40+00:00","description":"HAUSBETREUUNG SERVICES - Valley Homes Mallorca","breadcrumb":{"@id":"https:\/\/www.valleyhomesmallorca.com\/de\/dienstleistungen\/#breadcrumb"},"inLanguage":"de","potentialAction":[{"@type":"ReadAction","target":["https:\/\/www.valleyhomesmallorca.com\/de\/dienstleistungen\/"]}]},{"@type":"BreadcrumbList","@id":"https:\/\/www.valleyhomesmallorca.com\/de\/dienstleistungen\/#breadcrumb","itemListElement":[{"@type":"ListItem","position":1,"name":"Home","item":"https:\/\/www.valleyhomesmallorca.com\/de\/"},{"@type":"ListItem","position":2,"name":"HAUSBETREUUNG SERVICES"}]},{"@type":"WebSite","@id":"https:\/\/www.valleyhomesmallorca.com\/de\/#website","url":"https:\/\/www.valleyhomesmallorca.com\/de\/","name":"Valley Homes Mallorca","description":"Property Management and Holiday Rentals in Mallorca","publisher":{"@id":"https:\/\/www.valleyhomesmallorca.com\/de\/#organization"},"potentialAction":[{"@type":"SearchAction","target":{"@type":"EntryPoint","urlTemplate":"https:\/\/www.valleyhomesmallorca.com\/de\/?s={search_term_string}"},"query-input":{"@type":"PropertyValueSpecification","valueRequired":true,"valueName":"search_term_string"}}],"inLanguage":"de"},{"@type":"Organization","@id":"https:\/\/www.valleyhomesmallorca.com\/de\/#organization","name":"Valley Homes Mallorca","url":"https:\/\/www.valleyhomesmallorca.com\/de\/","logo":{"@type":"ImageObject","inLanguage":"de","@id":"https:\/\/www.valleyhomesmallorca.com\/de\/#\/schema\/logo\/image\/","url":"https:\/\/www.valleyhomesmallorca.com\/wp-content\/uploads\/2022\/07\/logo.svg","contentUrl":"https:\/\/www.valleyhomesmallorca.com\/wp-content\/uploads\/2022\/07\/logo.svg","width":1,"height":1,"caption":"Valley Homes Mallorca"},"image":{"@id":"https:\/\/www.valleyhomesmallorca.com\/de\/#\/schema\/logo\/image\/"}}]}},"_links":{"self":[{"href":"https:\/\/www.valleyhomesmallorca.com\/de\/wp-json\/wp\/v2\/pages\/593","targetHints":{"allow":["GET"]}}],"collection":[{"href":"https:\/\/www.valleyhomesmallorca.com\/de\/wp-json\/wp\/v2\/pages"}],"about":[{"href":"https:\/\/www.valleyhomesmallorca.com\/de\/wp-json\/wp\/v2\/types\/page"}],"author":[{"embeddable":true,"href":"https:\/\/www.valleyhomesmallorca.com\/de\/wp-json\/wp\/v2\/users\/1"}],"replies":[{"embeddable":true,"href":"https:\/\/www.valleyhomesmallorca.com\/de\/wp-json\/wp\/v2\/comments?post=593"}],"version-history":[{"count":3,"href":"https:\/\/www.valleyhomesmallorca.com\/de\/wp-json\/wp\/v2\/pages\/593\/revisions"}],"predecessor-version":[{"id":5100,"href":"https:\/\/www.valleyhomesmallorca.com\/de\/wp-json\/wp\/v2\/pages\/593\/revisions\/5100"}],"wp:attachment":[{"href":"https:\/\/www.valleyhomesmallorca.com\/de\/wp-json\/wp\/v2\/media?parent=593"}],"curies":[{"name":"wp","href":"https:\/\/api.w.org\/{rel}","templated":true}]}}