{"id":585,"date":"2022-07-05T16:01:24","date_gmt":"2022-07-05T16:01:24","guid":{"rendered":"https:\/\/www.valleyhomesmallorca.com\/?page_id=585"},"modified":"2025-02-07T13:51:27","modified_gmt":"2025-02-07T13:51:27","slug":"eigentumer","status":"publish","type":"page","link":"https:\/\/www.valleyhomesmallorca.com\/de\/eigentumer\/","title":{"rendered":"EIGENT\u00dcMER"},"content":{"rendered":"\n<div id=\"banner-block_df6f85c7e675d1d99c77eeb92c582f9a\" class=\"full-banner mb-5\">\n    <div class=\"width-100\">\n        <div class=\"position-relative\">\n\t\t\t\t\t<img loading=\"lazy\" decoding=\"async\" width=\"1920\" height=\"800\" src=\"https:\/\/www.valleyhomesmallorca.com\/wp-content\/uploads\/2022\/07\/owners1.jpg\" class=\"attachment-full size-full\" alt=\"\" srcset=\"https:\/\/www.valleyhomesmallorca.com\/wp-content\/uploads\/2022\/07\/owners1.jpg 1920w, https:\/\/www.valleyhomesmallorca.com\/wp-content\/uploads\/2022\/07\/owners1-300x125.jpg 300w, https:\/\/www.valleyhomesmallorca.com\/wp-content\/uploads\/2022\/07\/owners1-1024x427.jpg 1024w, https:\/\/www.valleyhomesmallorca.com\/wp-content\/uploads\/2022\/07\/owners1-768x320.jpg 768w, https:\/\/www.valleyhomesmallorca.com\/wp-content\/uploads\/2022\/07\/owners1-1536x640.jpg 1536w\" sizes=\"auto, (max-width: 1920px) 100vw, 1920px\" \/>            <div class=\"caption py-4\">Wo Ihre speziellen Hausbetreuung Vorstellungen auf au\u00dfergew\u00f6hnliche L\u00f6sungen treffen<\/div>\n        <\/div>\n    <\/div>\n<\/div>\n\n\n\n<h2 class=\"wp-block-heading has-text-align-center lemon text-gris mb-5\">Vertrauen Sie Valley Homes die BETREUUNG Ihrer immobilie auf Mallorca an.<\/h2>\n\n\n\n<p>Besitzen Sie ein Ferienobjekt auf Mallorca oder m\u00f6chten Sie Ihren Zweiwohnsitz zu einem machen? Haben Sie Bedenken, dass Ihnen dessen Verwaltung allzu schnell \u00fcber den Kopf wachsen k\u00f6nnte?<\/p>\n\n\n\n<p>Der Besitz eines Ferienobjektes braucht, wenn er profitabel und sorgenfrei verlaufen soll, einen Partner, der sich um Ihr Anwesen und Ihre G\u00e4ste ganz in Ihrem Sinne k\u00fcmmert. Bei Valley Homes sch\u00f6pfen wir nicht nur aus unserer umfangreichen Erfahrung mit beiden Seiten des Mietgesch\u00e4fts, sondern sind mit Leib und Seele dabei. Und das sieht man.<\/p>\n\n\n\n<h6 class=\"wp-block-heading my-3 text-oro\">Warum Ihren Zweitwohnsitz auf Mallorca vermieten?<\/h6>\n\n\n\n<p>Durch die Vermietung Ihres Zweitwohnsitzes f\u00fcr Kurzaufenthalte nutzen Sie ihn optimal, wenn er leer steht. So decken Sie nicht nur die laufenden Kosten, sondern ziehen sogar noch einen zus\u00e4tzlichen Gewinn aus Ihrem Objekt. Das eine schlie\u00dft das andere nicht aus: Einerseits profitieren Sie von einer betr\u00e4chtlichen Einnahmequelle aus Ihrem Objekt und k\u00f6nnen andererseits jederzeit den Aufenthalt in Ihren eigenen vier W\u00e4nden genie\u00dfen. Denn wir halten die Termine frei, wenn Sie selbst darin wohnen wollen.<\/p>\n\n\n\r\n\t\t<div  class=\"block-64ac8eea-a8e5-4e76-b5c0-077eadde5714 areoi-element width-100 bg-gris-light mb-5\">\r\n\t\t\t\r\n\t\t\t\n\r\n\t\t<div  class=\"block-ac6a13a7-cbc4-42ca-84ad-db12540210bc row areoi-element align-items-center my-5 row-cols-1 row-cols-sm-1 row-cols-md-2\">\r\n\t\t\t\r\n\r\n\t\t\t\n\r\n\t\t<div  class=\"block-190d40a5-9380-4181-875e-10fa8c0d7eb2 col areoi-element\">\r\n\t\t\t\r\n\t\t\t\n\n<figure class=\"wp-block-image size-large mb-0\"><img loading=\"lazy\" decoding=\"async\" width=\"1024\" height=\"555\" src=\"https:\/\/www.valleyhomesmallorca.com\/wp-content\/uploads\/2022\/08\/ow2-1024x555.jpg\" alt=\"\" class=\"wp-image-1529\" srcset=\"https:\/\/www.valleyhomesmallorca.com\/wp-content\/uploads\/2022\/08\/ow2-1024x555.jpg 1024w, https:\/\/www.valleyhomesmallorca.com\/wp-content\/uploads\/2022\/08\/ow2-300x163.jpg 300w, https:\/\/www.valleyhomesmallorca.com\/wp-content\/uploads\/2022\/08\/ow2-768x416.jpg 768w, https:\/\/www.valleyhomesmallorca.com\/wp-content\/uploads\/2022\/08\/ow2.jpg 1230w\" sizes=\"auto, (max-width: 1024px) 100vw, 1024px\" \/><\/figure>\n\n \r\n\t\t\t\r\n\t\t<\/div>\r\n\t\n\n\r\n\t\t<div  class=\"block-c5a9ac5a-101b-4d62-80a1-5fb1ee8b60b0 col areoi-element\">\r\n\t\t\t\r\n\t\t\t\n\r\n\t\t<div  class=\"block-a934e942-74fb-4a16-a081-b6f8a85e1961 areoi-element full-right py-3\">\r\n\t\t\t\r\n\t\t\t\n\n<h5 class=\"wp-block-heading text-oro lemon\">BESICHTIGUNGSTERMIN<\/h5>\n\n\n\n<p>Unser Vermietungsmanager besucht Ihr Objekt f\u00fcr eine Qualit\u00e4tsbewertung und um sich \u00fcber die Ausstattung des Anwesens zu informieren.<\/p>\n\n\n\n<h5 class=\"wp-block-heading lemon text-oro\">LEISTUNGSPROGNOSE<\/h5>\n\n\n\n<p>Innerhalb von 72&nbsp;Stunden nach unserem Besuch erhalten Sie eine Leistungsprognose, aus der Sie den voraussichtlichen Ertrag, die Auslastung und die laufenden Kosten \u00fcber das kommende Jahr entnehmen k\u00f6nnen.<\/p>\n\n\n\n<h5 class=\"wp-block-heading lemon text-oro\">FOTOTERMIN VOR ORT<\/h5>\n\n\n\n<p class=\"mb-0\">Unser Fotograf erstellt hochaufl\u00f6sende Profi-Fotos von Ihrem Anwesen.<\/p>\n\n\r\n\t\t\t \r\n\t\t<\/div>\r\n\t\n \r\n\t\t\t\r\n\t\t<\/div>\r\n\t\n \r\n\t\t<\/div>\r\n\t\n\r\n\t\t\t \r\n\t\t<\/div>\r\n\t\n\n\r\n\t\t<div  class=\"block-e0e53a72-9b32-41e5-b419-aace08a07658 areoi-element width-100 bg-gris-light mb-5\">\r\n\t\t\t\r\n\t\t\t\n\r\n\t\t<div  class=\"block-8f1facb8-e037-4aa6-a6d6-099f93f3668d row areoi-element align-items-center row-cols-1 row-cols-sm-1 row-cols-md-2\">\r\n\t\t\t\r\n\r\n\t\t\t\n\r\n\t\t<div  class=\"block-5fbe251e-c2ad-44b9-b8bc-d686fa0b7246 col areoi-element order-5 order-md-0\">\r\n\t\t\t\r\n\t\t\t\n\r\n\t\t<div  class=\"block-984d3176-962a-4009-944d-4e4213298a4c areoi-element full-left py-3\">\r\n\t\t\t\r\n\t\t\t\n\n<h5 class=\"wp-block-heading text-oro lemon\">OBJEKTANGEBOT ERSTELLEN<\/h5>\n\n\n\n<p>Auf Grundlage Ihrer Angaben zum Objekt, der Aufzeichnungen aus unserer Besichtigung und mithilfe der aussagekr\u00e4ftigen Fotos erstellen wir ein \u00fcberzeugendes Objektangebot.<\/p>\n\n\n\n<h5 class=\"wp-block-heading lemon text-oro\">VOLLST\u00c4NDIGE G\u00c4STEMAPPE ANLEGEN<\/h5>\n\n\n\n<p>Diese best\u00fccken wir mit ausf\u00fchrlichem Informationsmaterial f\u00fcr Ihre G\u00e4ste, wie u.&nbsp;a. der Hausordnung, Anleitungen und Wissenswertem zur Unterkunft.<\/p>\n\n\n\n<h5 class=\"wp-block-heading lemon text-oro\">GO LIVE!<\/h5>\n\n\n\n<p class=\"mb-0\">Ihr Objektangebot wird bei Valley Homes und \u00fcber 10 weltweit f\u00fchrenden Plattformen vermarktet, dort eben, wo G\u00e4ste Unterk\u00fcnfte suchen und buchen.<\/p>\n\n\r\n\t\t\t \r\n\t\t<\/div>\r\n\t\n \r\n\t\t\t\r\n\t\t<\/div>\r\n\t\n\n\r\n\t\t<div  class=\"block-885f48e9-d4ce-488f-8e2d-5d412d342148 col areoi-element\">\r\n\t\t\t\r\n\t\t\t\n\n<figure class=\"wp-block-image size-full mb-0\"><img loading=\"lazy\" decoding=\"async\" width=\"1024\" height=\"555\" src=\"https:\/\/www.valleyhomesmallorca.com\/wp-content\/uploads\/2022\/08\/la2.jpg\" alt=\"\" class=\"wp-image-1572\" srcset=\"https:\/\/www.valleyhomesmallorca.com\/wp-content\/uploads\/2022\/08\/la2.jpg 1024w, https:\/\/www.valleyhomesmallorca.com\/wp-content\/uploads\/2022\/08\/la2-300x163.jpg 300w, https:\/\/www.valleyhomesmallorca.com\/wp-content\/uploads\/2022\/08\/la2-768x416.jpg 768w\" sizes=\"auto, (max-width: 1024px) 100vw, 1024px\" \/><\/figure>\n\n \r\n\t\t\t\r\n\t\t<\/div>\r\n\t\n \r\n\t\t<\/div>\r\n\t\n\r\n\t\t\t \r\n\t\t<\/div>\r\n\t\n\n\r\n\t\t<div  class=\"block-56470933-0364-4da0-8037-75e06d8d306f areoi-element width-100 bg-gris-light py-4 mb-5\">\r\n\t\t\t\r\n\t\t\t\n\r\n\t\t<div  class=\"block-73104e0a-8e0c-4475-9690-5a39e3b8e62f areoi-element max-900 container\">\r\n\t\t\t\r\n\t\t\t\n\r\n\t\t<div  class=\"block-818951fc-32db-4524-b570-3a4f9cb2e4cf row areoi-element align-items-center row-cols-1 row-cols-sm-2\">\r\n\t\t\t\r\n\r\n\t\t\t\n\r\n\t\t<div  class=\"block-7b9e29f7-df3f-425b-8f42-8d083f46a07c col areoi-element br mb-sm-0 mb-3\">\r\n\t\t\t\r\n\t\t\t\n\n<p class=\"mb-0\">Inserieren Sie Ihr Ferienhaus bei uns. Wir berechnen keine zus\u00e4tzlichen Geb\u00fchren f\u00fcr Ihre Immobilienverwaltung. Wir w\u00fcrden uns freuen, von Ihnen zu h\u00f6ren und zu sehen, wie wir Sie dabei unterst\u00fctzen k\u00f6nnen, den Gewinn aus Ihrem Anwesen optimal auszusch\u00f6pfen.<\/p>\n\n \r\n\t\t\t\r\n\t\t<\/div>\r\n\t\n\n\r\n\t\t<div  class=\"block-e777bbb7-df50-45f7-8d4b-08247a272376 col areoi-element text-center text-sm-start\">\r\n\t\t\t\r\n\t\t\t\n\r\n\t\t\t\t\r\n\t\t<a \r\n\t\t\t\r\n\t\t\tclass=\"block-a33819f4-f23d-4792-abec-688c62b63b19 btn areoi-has-url position-relative lemon text-oro btn-touch btn-outline-secondary\"\r\n\t href=\"https:\/\/www.valleyhomesmallorca.com\/de\/kontakt\/\" >\r\n\t\t\t\t\t\r\n\t\t\t\t\tKONTAKTIEREN SIE uns \r\n\t\t\t\t\t\r\n\t\t\t\t\t \r\n\t\t\t\t<\/a>\r\n\t\t\t\n \r\n\t\t\t\r\n\t\t<\/div>\r\n\t\n \r\n\t\t<\/div>\r\n\t\n\r\n\t\t\t \r\n\t\t<\/div>\r\n\t\n\r\n\t\t\t \r\n\t\t<\/div>\r\n\t","protected":false},"excerpt":{"rendered":"<p>Vertrauen Sie Valley Homes die BETREUUNG Ihrer immobilie auf Mallorca an. Besitzen Sie ein Ferienobjekt auf Mallorca oder m\u00f6chten Sie Ihren Zweiwohnsitz zu einem machen? Haben Sie Bedenken, dass Ihnen dessen Verwaltung allzu schnell \u00fcber den Kopf wachsen k\u00f6nnte? Der Besitz eines Ferienobjektes braucht, wenn er profitabel und sorgenfrei verlaufen soll, einen Partner, der sich [&hellip;]<\/p>\n","protected":false},"author":1,"featured_media":0,"parent":0,"menu_order":0,"comment_status":"closed","ping_status":"closed","template":"","meta":{"_acf_changed":false,"footnotes":""},"class_list":["post-585","page","type-page","status-publish","hentry"],"acf":[],"yoast_head":"<!-- This site is optimized with the Yoast SEO plugin v26.5 - https:\/\/yoast.com\/wordpress\/plugins\/seo\/ -->\n<title>EIGENT\u00dcMER - Valley Homes Mallorca<\/title>\n<meta name=\"description\" content=\"EIGENT\u00dcMER - Valley Homes Mallorca\" \/>\n<meta name=\"robots\" content=\"index, follow, max-snippet:-1, max-image-preview:large, max-video-preview:-1\" \/>\n<link rel=\"canonical\" href=\"https:\/\/www.valleyhomesmallorca.com\/de\/eigentumer\/\" \/>\n<meta property=\"og:locale\" content=\"de_DE\" \/>\n<meta property=\"og:type\" content=\"article\" \/>\n<meta property=\"og:title\" content=\"EIGENT\u00dcMER - Valley Homes Mallorca\" \/>\n<meta property=\"og:description\" content=\"EIGENT\u00dcMER - Valley Homes Mallorca\" \/>\n<meta property=\"og:url\" content=\"https:\/\/www.valleyhomesmallorca.com\/de\/eigentumer\/\" \/>\n<meta property=\"og:site_name\" content=\"Valley Homes Mallorca\" \/>\n<meta property=\"article:modified_time\" content=\"2025-02-07T13:51:27+00:00\" \/>\n<meta property=\"og:image\" content=\"https:\/\/www.valleyhomesmallorca.com\/wp-content\/uploads\/2022\/08\/ow2-1024x555.jpg\" \/>\n<meta name=\"twitter:card\" content=\"summary_large_image\" \/>\n<meta name=\"twitter:label1\" content=\"Gesch\u00e4tzte Lesezeit\" \/>\n\t<meta name=\"twitter:data1\" content=\"3\u00a0Minuten\" \/>\n<script type=\"application\/ld+json\" class=\"yoast-schema-graph\">{\"@context\":\"https:\/\/schema.org\",\"@graph\":[{\"@type\":\"WebPage\",\"@id\":\"https:\/\/www.valleyhomesmallorca.com\/de\/eigentumer\/\",\"url\":\"https:\/\/www.valleyhomesmallorca.com\/de\/eigentumer\/\",\"name\":\"EIGENT\u00dcMER - Valley Homes Mallorca\",\"isPartOf\":{\"@id\":\"https:\/\/www.valleyhomesmallorca.com\/de\/#website\"},\"primaryImageOfPage\":{\"@id\":\"https:\/\/www.valleyhomesmallorca.com\/de\/eigentumer\/#primaryimage\"},\"image\":{\"@id\":\"https:\/\/www.valleyhomesmallorca.com\/de\/eigentumer\/#primaryimage\"},\"thumbnailUrl\":\"https:\/\/www.valleyhomesmallorca.com\/wp-content\/uploads\/2022\/08\/ow2-1024x555.jpg\",\"datePublished\":\"2022-07-05T16:01:24+00:00\",\"dateModified\":\"2025-02-07T13:51:27+00:00\",\"description\":\"EIGENT\u00dcMER - Valley Homes Mallorca\",\"breadcrumb\":{\"@id\":\"https:\/\/www.valleyhomesmallorca.com\/de\/eigentumer\/#breadcrumb\"},\"inLanguage\":\"de\",\"potentialAction\":[{\"@type\":\"ReadAction\",\"target\":[\"https:\/\/www.valleyhomesmallorca.com\/de\/eigentumer\/\"]}]},{\"@type\":\"ImageObject\",\"inLanguage\":\"de\",\"@id\":\"https:\/\/www.valleyhomesmallorca.com\/de\/eigentumer\/#primaryimage\",\"url\":\"https:\/\/www.valleyhomesmallorca.com\/wp-content\/uploads\/2022\/08\/ow2-1024x555.jpg\",\"contentUrl\":\"https:\/\/www.valleyhomesmallorca.com\/wp-content\/uploads\/2022\/08\/ow2-1024x555.jpg\"},{\"@type\":\"BreadcrumbList\",\"@id\":\"https:\/\/www.valleyhomesmallorca.com\/de\/eigentumer\/#breadcrumb\",\"itemListElement\":[{\"@type\":\"ListItem\",\"position\":1,\"name\":\"Home\",\"item\":\"https:\/\/www.valleyhomesmallorca.com\/de\/\"},{\"@type\":\"ListItem\",\"position\":2,\"name\":\"EIGENT\u00dcMER\"}]},{\"@type\":\"WebSite\",\"@id\":\"https:\/\/www.valleyhomesmallorca.com\/de\/#website\",\"url\":\"https:\/\/www.valleyhomesmallorca.com\/de\/\",\"name\":\"Valley Homes Mallorca\",\"description\":\"Property Management and Holiday Rentals in Mallorca\",\"publisher\":{\"@id\":\"https:\/\/www.valleyhomesmallorca.com\/de\/#organization\"},\"potentialAction\":[{\"@type\":\"SearchAction\",\"target\":{\"@type\":\"EntryPoint\",\"urlTemplate\":\"https:\/\/www.valleyhomesmallorca.com\/de\/?s={search_term_string}\"},\"query-input\":{\"@type\":\"PropertyValueSpecification\",\"valueRequired\":true,\"valueName\":\"search_term_string\"}}],\"inLanguage\":\"de\"},{\"@type\":\"Organization\",\"@id\":\"https:\/\/www.valleyhomesmallorca.com\/de\/#organization\",\"name\":\"Valley Homes Mallorca\",\"url\":\"https:\/\/www.valleyhomesmallorca.com\/de\/\",\"logo\":{\"@type\":\"ImageObject\",\"inLanguage\":\"de\",\"@id\":\"https:\/\/www.valleyhomesmallorca.com\/de\/#\/schema\/logo\/image\/\",\"url\":\"https:\/\/www.valleyhomesmallorca.com\/wp-content\/uploads\/2022\/07\/logo.svg\",\"contentUrl\":\"https:\/\/www.valleyhomesmallorca.com\/wp-content\/uploads\/2022\/07\/logo.svg\",\"width\":1,\"height\":1,\"caption\":\"Valley Homes Mallorca\"},\"image\":{\"@id\":\"https:\/\/www.valleyhomesmallorca.com\/de\/#\/schema\/logo\/image\/\"}}]}<\/script>\n<!-- \/ Yoast SEO plugin. -->","yoast_head_json":{"title":"EIGENT\u00dcMER - Valley Homes Mallorca","description":"EIGENT\u00dcMER - Valley Homes Mallorca","robots":{"index":"index","follow":"follow","max-snippet":"max-snippet:-1","max-image-preview":"max-image-preview:large","max-video-preview":"max-video-preview:-1"},"canonical":"https:\/\/www.valleyhomesmallorca.com\/de\/eigentumer\/","og_locale":"de_DE","og_type":"article","og_title":"EIGENT\u00dcMER - Valley Homes Mallorca","og_description":"EIGENT\u00dcMER - Valley Homes Mallorca","og_url":"https:\/\/www.valleyhomesmallorca.com\/de\/eigentumer\/","og_site_name":"Valley Homes Mallorca","article_modified_time":"2025-02-07T13:51:27+00:00","og_image":[{"url":"https:\/\/www.valleyhomesmallorca.com\/wp-content\/uploads\/2022\/08\/ow2-1024x555.jpg","type":"","width":"","height":""}],"twitter_card":"summary_large_image","twitter_misc":{"Gesch\u00e4tzte Lesezeit":"3\u00a0Minuten"},"schema":{"@context":"https:\/\/schema.org","@graph":[{"@type":"WebPage","@id":"https:\/\/www.valleyhomesmallorca.com\/de\/eigentumer\/","url":"https:\/\/www.valleyhomesmallorca.com\/de\/eigentumer\/","name":"EIGENT\u00dcMER - Valley Homes Mallorca","isPartOf":{"@id":"https:\/\/www.valleyhomesmallorca.com\/de\/#website"},"primaryImageOfPage":{"@id":"https:\/\/www.valleyhomesmallorca.com\/de\/eigentumer\/#primaryimage"},"image":{"@id":"https:\/\/www.valleyhomesmallorca.com\/de\/eigentumer\/#primaryimage"},"thumbnailUrl":"https:\/\/www.valleyhomesmallorca.com\/wp-content\/uploads\/2022\/08\/ow2-1024x555.jpg","datePublished":"2022-07-05T16:01:24+00:00","dateModified":"2025-02-07T13:51:27+00:00","description":"EIGENT\u00dcMER - Valley Homes Mallorca","breadcrumb":{"@id":"https:\/\/www.valleyhomesmallorca.com\/de\/eigentumer\/#breadcrumb"},"inLanguage":"de","potentialAction":[{"@type":"ReadAction","target":["https:\/\/www.valleyhomesmallorca.com\/de\/eigentumer\/"]}]},{"@type":"ImageObject","inLanguage":"de","@id":"https:\/\/www.valleyhomesmallorca.com\/de\/eigentumer\/#primaryimage","url":"https:\/\/www.valleyhomesmallorca.com\/wp-content\/uploads\/2022\/08\/ow2-1024x555.jpg","contentUrl":"https:\/\/www.valleyhomesmallorca.com\/wp-content\/uploads\/2022\/08\/ow2-1024x555.jpg"},{"@type":"BreadcrumbList","@id":"https:\/\/www.valleyhomesmallorca.com\/de\/eigentumer\/#breadcrumb","itemListElement":[{"@type":"ListItem","position":1,"name":"Home","item":"https:\/\/www.valleyhomesmallorca.com\/de\/"},{"@type":"ListItem","position":2,"name":"EIGENT\u00dcMER"}]},{"@type":"WebSite","@id":"https:\/\/www.valleyhomesmallorca.com\/de\/#website","url":"https:\/\/www.valleyhomesmallorca.com\/de\/","name":"Valley Homes Mallorca","description":"Property Management and Holiday Rentals in Mallorca","publisher":{"@id":"https:\/\/www.valleyhomesmallorca.com\/de\/#organization"},"potentialAction":[{"@type":"SearchAction","target":{"@type":"EntryPoint","urlTemplate":"https:\/\/www.valleyhomesmallorca.com\/de\/?s={search_term_string}"},"query-input":{"@type":"PropertyValueSpecification","valueRequired":true,"valueName":"search_term_string"}}],"inLanguage":"de"},{"@type":"Organization","@id":"https:\/\/www.valleyhomesmallorca.com\/de\/#organization","name":"Valley Homes Mallorca","url":"https:\/\/www.valleyhomesmallorca.com\/de\/","logo":{"@type":"ImageObject","inLanguage":"de","@id":"https:\/\/www.valleyhomesmallorca.com\/de\/#\/schema\/logo\/image\/","url":"https:\/\/www.valleyhomesmallorca.com\/wp-content\/uploads\/2022\/07\/logo.svg","contentUrl":"https:\/\/www.valleyhomesmallorca.com\/wp-content\/uploads\/2022\/07\/logo.svg","width":1,"height":1,"caption":"Valley Homes Mallorca"},"image":{"@id":"https:\/\/www.valleyhomesmallorca.com\/de\/#\/schema\/logo\/image\/"}}]}},"_links":{"self":[{"href":"https:\/\/www.valleyhomesmallorca.com\/de\/wp-json\/wp\/v2\/pages\/585","targetHints":{"allow":["GET"]}}],"collection":[{"href":"https:\/\/www.valleyhomesmallorca.com\/de\/wp-json\/wp\/v2\/pages"}],"about":[{"href":"https:\/\/www.valleyhomesmallorca.com\/de\/wp-json\/wp\/v2\/types\/page"}],"author":[{"embeddable":true,"href":"https:\/\/www.valleyhomesmallorca.com\/de\/wp-json\/wp\/v2\/users\/1"}],"replies":[{"embeddable":true,"href":"https:\/\/www.valleyhomesmallorca.com\/de\/wp-json\/wp\/v2\/comments?post=585"}],"version-history":[{"count":2,"href":"https:\/\/www.valleyhomesmallorca.com\/de\/wp-json\/wp\/v2\/pages\/585\/revisions"}],"predecessor-version":[{"id":4884,"href":"https:\/\/www.valleyhomesmallorca.com\/de\/wp-json\/wp\/v2\/pages\/585\/revisions\/4884"}],"wp:attachment":[{"href":"https:\/\/www.valleyhomesmallorca.com\/de\/wp-json\/wp\/v2\/media?parent=585"}],"curies":[{"name":"wp","href":"https:\/\/api.w.org\/{rel}","templated":true}]}}