{"id":577,"date":"2022-07-05T16:01:38","date_gmt":"2022-07-05T16:01:38","guid":{"rendered":"https:\/\/www.valleyhomesmallorca.com\/?page_id=577"},"modified":"2026-03-06T13:09:00","modified_gmt":"2026-03-06T13:09:00","slug":"uber-uns","status":"publish","type":"page","link":"https:\/\/www.valleyhomesmallorca.com\/de\/uber-uns\/","title":{"rendered":"\u00dcBER UNS"},"content":{"rendered":"\n<div id=\"banner-block_5a7c419967d9f238cc87f7305bcdd451\" class=\"full-banner mb-5\">\n    <div class=\"width-100\">\n        <div class=\"position-relative\">\n\t\t\t\t\t<img loading=\"lazy\" decoding=\"async\" width=\"1920\" height=\"800\" src=\"https:\/\/www.valleyhomesmallorca.com\/wp-content\/uploads\/2022\/08\/2pano.jpg\" class=\"attachment-full size-full\" alt=\"\" srcset=\"https:\/\/www.valleyhomesmallorca.com\/wp-content\/uploads\/2022\/08\/2pano.jpg 1920w, https:\/\/www.valleyhomesmallorca.com\/wp-content\/uploads\/2022\/08\/2pano-300x125.jpg 300w, https:\/\/www.valleyhomesmallorca.com\/wp-content\/uploads\/2022\/08\/2pano-1024x427.jpg 1024w, https:\/\/www.valleyhomesmallorca.com\/wp-content\/uploads\/2022\/08\/2pano-768x320.jpg 768w, https:\/\/www.valleyhomesmallorca.com\/wp-content\/uploads\/2022\/08\/2pano-1536x640.jpg 1536w\" sizes=\"auto, (max-width: 1920px) 100vw, 1920px\" \/>            <div class=\"caption py-4\">Wo intelligente Strategien auf effektives Management treffen.<\/div>\n        <\/div>\n    <\/div>\n<\/div>\n\n\n\n<h2 class=\"wp-block-heading has-text-align-center text-gris lemon mb-5\">\u00dcBER UNS<\/h2>\n\n\n\n<h3 class=\"wp-block-heading has-text-align-center text-oro lemon mb-5\">FAMILIENGEF\u00dcHRT UND KUNDENORIENTIERT<\/h3>\n\n\n\n<p>Valley Homes wurde 2012 von Ania Iskandar ins Leben gerufen, nachdem sie schon seit 2005 im Bereich Ferienvermietung und Hausverwaltung t\u00e4tig war. Nach Abschluss seines Studiums als Landschaftsg\u00e4rtner trat Anias Sohn Adam vor sieben Jahren in den Betrieb ein.<\/p>\n\n\n\n<p>Valley Homes entstand aus der Begeisterung f\u00fcr die atemberaubende Tramuntana-Region.<\/p>\n\n\n\n<p>Das wundersch\u00f6ne Tal von S\u00f3ller zwischen Gebirge und Meer in der Serra de Tramuntana wurde vor 25&nbsp;Jahren unser Zuhause, und wir hoffen, dass sich unsere G\u00e4ste genauso in diesen Ort verlieben werden wie wir.<\/p>\n\n\n\n<p class=\"my-5\">Wir behandeln jede Immobilie individuell und arbeiten eng mit unseren Kunden zusammen, um sicherzustellen, dass wir ihre Anforderungen an die Immobilienverwaltung optimal erf\u00fcllen. Immobilienbesitzer und Kunden verlassen sich auf unsere einzigartige Kombination aus Erfahrung und herausragendem Kundenservice.<\/p>\n\n\n\n<p>Bei&nbsp;Valley&nbsp;Homes&nbsp;bieten&nbsp;wir&nbsp;nicht&nbsp;nur&nbsp;umfangreiche&nbsp;Dienstleistungen,&nbsp;sondern&nbsp;wir&nbsp;lieben&nbsp;auch was&nbsp;wir&nbsp;tun,&nbsp;und&nbsp;es&nbsp;zeigt.<\/p>\n\n\n\r\n\t\t<div  class=\"block-0bff97fe-9f9a-400f-a09e-0492a5da7f08 row areoi-element\">\r\n\t\t\t\r\n\r\n\t\t\t\n\r\n\t\t<div  class=\"block-d9d47413-b2da-42da-b8a1-bd399671506d col areoi-element\">\r\n\t\t\t\r\n\t\t\t\n\r\n\t\t<div  class=\"block-05705dd5-bac7-4e87-ba77-815bac23351c areoi-element lines-left mb-5\">\r\n\t\t\t\r\n\t\t\t\r\n\t\t\t \r\n\t\t<\/div>\r\n\t\n\n\n<h5 class=\"wp-block-heading text-oro lemon\">UNSERE GRUNDS\u00c4TZE<\/h5>\n\n\n\n<p class=\"mb-4\">Vier Grunds\u00e4tze stehen hinter unserer Arbeitsweise und leiten uns, von schwierigen gesch\u00e4ftlichen Entscheidungen bis zu unserer Beziehung zu Urlaubern, Immobilienbesitzern, Partnern, Lieferanten und untereinander.<\/p>\n\n\n\n<h5 class=\"wp-block-heading text-oro lemon\">FAMILie<\/h5>\n\n\n\n<p class=\"mb-4\">Wir leben, was eine Familie ausmacht: Loyalit\u00e4t, Engagement und Teamwork.<\/p>\n\n\n\n<h5 class=\"wp-block-heading text-oro lemon\">EHRLICHKEIT UND INTEGRIT\u00c4T<\/h5>\n\n\n\n<p class=\"mb-4\">In unseren Gesch\u00e4ftspraktiken stehen f\u00fcr uns bei Valley Homes Wahrheit, Aufrichtigkeit und Respekt an erster Stelle. Das sichert uns das Vertrauen unserer Kunden und motivierten Besch\u00e4ftigten.<\/p>\n\n\n\n<h5 class=\"wp-block-heading text-oro lemon\">KUNDENORIENTIERUNG<\/h5>\n\n\n\n<p class=\"mb-4\">Wir wissen, wie wichtig Kunden ihre verdiente Auszeit ist und setzen alles in Bewegung, um diese Zeit unvergesslich zu machen. Ebenso wissen wir, wie wichtig Eigent\u00fcmern ihre Immobilie ist und unterst\u00fctzen diese engagiert beim Erreichen der gew\u00fcnschten Buchungen.<\/p>\n\n\n\n<h5 class=\"wp-block-heading text-oro lemon\">QUALIT\u00c4T<\/h5>\n\n\n\n<p class=\"mb-4\">Valley Homes ist bestrebt, hochwertige Dienstleistungen anzubieten, die den Erwartungen und Anforderungen der Kunden entsprechen.&nbsp;<\/p>\n\n \r\n\t\t\t\r\n\t\t<\/div>\r\n\t\n\n\r\n\t\t<div  class=\"block-cfb23de7-72d6-4dc3-88ea-48120085e28b col areoi-element col-12 col-md-6\">\r\n\t\t\t\r\n\t\t\t\n\n<figure class=\"wp-block-image size-full w-100\"><img loading=\"lazy\" decoding=\"async\" width=\"764\" height=\"862\" src=\"https:\/\/www.valleyhomesmallorca.com\/wp-content\/uploads\/2022\/08\/Nosotros-final.jpg\" alt=\"\" class=\"wp-image-2464\" srcset=\"https:\/\/www.valleyhomesmallorca.com\/wp-content\/uploads\/2022\/08\/Nosotros-final.jpg 764w, https:\/\/www.valleyhomesmallorca.com\/wp-content\/uploads\/2022\/08\/Nosotros-final-266x300.jpg 266w\" sizes=\"auto, (max-width: 764px) 100vw, 764px\" \/><\/figure>\n\n\n\n<figure class=\"wp-block-image size-full\"><img loading=\"lazy\" decoding=\"async\" width=\"775\" height=\"350\" src=\"https:\/\/www.valleyhomesmallorca.com\/wp-content\/uploads\/2022\/08\/texto-deutsh-1.jpg\" alt=\"\" class=\"wp-image-3118\" srcset=\"https:\/\/www.valleyhomesmallorca.com\/wp-content\/uploads\/2022\/08\/texto-deutsh-1.jpg 775w, https:\/\/www.valleyhomesmallorca.com\/wp-content\/uploads\/2022\/08\/texto-deutsh-1-300x135.jpg 300w, https:\/\/www.valleyhomesmallorca.com\/wp-content\/uploads\/2022\/08\/texto-deutsh-1-768x347.jpg 768w\" sizes=\"auto, (max-width: 775px) 100vw, 775px\" \/><\/figure>\n\n \r\n\t\t\t\r\n\t\t<\/div>\r\n\t\n \r\n\t\t<\/div>\r\n\t","protected":false},"excerpt":{"rendered":"<p>\u00dcBER UNS FAMILIENGEF\u00dcHRT UND KUNDENORIENTIERT Valley Homes wurde 2012 von Ania Iskandar ins Leben gerufen, nachdem sie schon seit 2005 im Bereich Ferienvermietung und Hausverwaltung t\u00e4tig war. Nach Abschluss seines Studiums als Landschaftsg\u00e4rtner trat Anias Sohn Adam vor sieben Jahren in den Betrieb ein. Valley Homes entstand aus der Begeisterung f\u00fcr die atemberaubende Tramuntana-Region. Das [&hellip;]<\/p>\n","protected":false},"author":1,"featured_media":0,"parent":0,"menu_order":0,"comment_status":"closed","ping_status":"closed","template":"","meta":{"_acf_changed":false,"footnotes":""},"class_list":["post-577","page","type-page","status-publish","hentry"],"acf":[],"yoast_head":"<!-- This site is optimized with the Yoast SEO plugin v26.5 - https:\/\/yoast.com\/wordpress\/plugins\/seo\/ -->\n<title>Ania Iskandar - Valley Homes Mallorca<\/title>\n<meta name=\"description\" content=\"Ferienvermietung und Hausverwaltung seit 2007.\" \/>\n<meta name=\"robots\" content=\"index, follow, max-snippet:-1, max-image-preview:large, max-video-preview:-1\" \/>\n<link rel=\"canonical\" href=\"https:\/\/www.valleyhomesmallorca.com\/de\/uber-uns\/\" \/>\n<meta property=\"og:locale\" content=\"de_DE\" \/>\n<meta property=\"og:type\" content=\"article\" \/>\n<meta property=\"og:title\" content=\"Ania Iskandar - Valley Homes Mallorca\" \/>\n<meta property=\"og:description\" content=\"Ferienvermietung und Hausverwaltung seit 2007.\" \/>\n<meta property=\"og:url\" content=\"https:\/\/www.valleyhomesmallorca.com\/de\/uber-uns\/\" \/>\n<meta property=\"og:site_name\" content=\"Valley Homes Mallorca\" \/>\n<meta property=\"article:modified_time\" content=\"2026-03-06T13:09:00+00:00\" \/>\n<meta property=\"og:image\" content=\"https:\/\/www.valleyhomesmallorca.com\/wp-content\/uploads\/2022\/08\/Nosotros-final.jpg\" \/>\n<meta name=\"twitter:card\" content=\"summary_large_image\" \/>\n<meta name=\"twitter:label1\" content=\"Gesch\u00e4tzte Lesezeit\" \/>\n\t<meta name=\"twitter:data1\" content=\"2\u00a0Minuten\" \/>\n<script type=\"application\/ld+json\" class=\"yoast-schema-graph\">{\"@context\":\"https:\/\/schema.org\",\"@graph\":[{\"@type\":\"WebPage\",\"@id\":\"https:\/\/www.valleyhomesmallorca.com\/de\/uber-uns\/\",\"url\":\"https:\/\/www.valleyhomesmallorca.com\/de\/uber-uns\/\",\"name\":\"Ania Iskandar - Valley Homes Mallorca\",\"isPartOf\":{\"@id\":\"https:\/\/www.valleyhomesmallorca.com\/de\/#website\"},\"primaryImageOfPage\":{\"@id\":\"https:\/\/www.valleyhomesmallorca.com\/de\/uber-uns\/#primaryimage\"},\"image\":{\"@id\":\"https:\/\/www.valleyhomesmallorca.com\/de\/uber-uns\/#primaryimage\"},\"thumbnailUrl\":\"https:\/\/www.valleyhomesmallorca.com\/wp-content\/uploads\/2022\/08\/Nosotros-final.jpg\",\"datePublished\":\"2022-07-05T16:01:38+00:00\",\"dateModified\":\"2026-03-06T13:09:00+00:00\",\"description\":\"Ferienvermietung und Hausverwaltung seit 2007.\",\"breadcrumb\":{\"@id\":\"https:\/\/www.valleyhomesmallorca.com\/de\/uber-uns\/#breadcrumb\"},\"inLanguage\":\"de\",\"potentialAction\":[{\"@type\":\"ReadAction\",\"target\":[\"https:\/\/www.valleyhomesmallorca.com\/de\/uber-uns\/\"]}]},{\"@type\":\"ImageObject\",\"inLanguage\":\"de\",\"@id\":\"https:\/\/www.valleyhomesmallorca.com\/de\/uber-uns\/#primaryimage\",\"url\":\"https:\/\/www.valleyhomesmallorca.com\/wp-content\/uploads\/2022\/08\/Nosotros-final.jpg\",\"contentUrl\":\"https:\/\/www.valleyhomesmallorca.com\/wp-content\/uploads\/2022\/08\/Nosotros-final.jpg\"},{\"@type\":\"BreadcrumbList\",\"@id\":\"https:\/\/www.valleyhomesmallorca.com\/de\/uber-uns\/#breadcrumb\",\"itemListElement\":[{\"@type\":\"ListItem\",\"position\":1,\"name\":\"Home\",\"item\":\"https:\/\/www.valleyhomesmallorca.com\/de\/\"},{\"@type\":\"ListItem\",\"position\":2,\"name\":\"\u00dcBER UNS\"}]},{\"@type\":\"WebSite\",\"@id\":\"https:\/\/www.valleyhomesmallorca.com\/de\/#website\",\"url\":\"https:\/\/www.valleyhomesmallorca.com\/de\/\",\"name\":\"Valley Homes Mallorca\",\"description\":\"Property Management and Holiday Rentals in Mallorca\",\"publisher\":{\"@id\":\"https:\/\/www.valleyhomesmallorca.com\/de\/#organization\"},\"potentialAction\":[{\"@type\":\"SearchAction\",\"target\":{\"@type\":\"EntryPoint\",\"urlTemplate\":\"https:\/\/www.valleyhomesmallorca.com\/de\/?s={search_term_string}\"},\"query-input\":{\"@type\":\"PropertyValueSpecification\",\"valueRequired\":true,\"valueName\":\"search_term_string\"}}],\"inLanguage\":\"de\"},{\"@type\":\"Organization\",\"@id\":\"https:\/\/www.valleyhomesmallorca.com\/de\/#organization\",\"name\":\"Valley Homes Mallorca\",\"url\":\"https:\/\/www.valleyhomesmallorca.com\/de\/\",\"logo\":{\"@type\":\"ImageObject\",\"inLanguage\":\"de\",\"@id\":\"https:\/\/www.valleyhomesmallorca.com\/de\/#\/schema\/logo\/image\/\",\"url\":\"https:\/\/www.valleyhomesmallorca.com\/wp-content\/uploads\/2022\/07\/logo.svg\",\"contentUrl\":\"https:\/\/www.valleyhomesmallorca.com\/wp-content\/uploads\/2022\/07\/logo.svg\",\"width\":1,\"height\":1,\"caption\":\"Valley Homes Mallorca\"},\"image\":{\"@id\":\"https:\/\/www.valleyhomesmallorca.com\/de\/#\/schema\/logo\/image\/\"}}]}<\/script>\n<!-- \/ Yoast SEO plugin. -->","yoast_head_json":{"title":"Ania Iskandar - Valley Homes Mallorca","description":"Ferienvermietung und Hausverwaltung seit 2007.","robots":{"index":"index","follow":"follow","max-snippet":"max-snippet:-1","max-image-preview":"max-image-preview:large","max-video-preview":"max-video-preview:-1"},"canonical":"https:\/\/www.valleyhomesmallorca.com\/de\/uber-uns\/","og_locale":"de_DE","og_type":"article","og_title":"Ania Iskandar - Valley Homes Mallorca","og_description":"Ferienvermietung und Hausverwaltung seit 2007.","og_url":"https:\/\/www.valleyhomesmallorca.com\/de\/uber-uns\/","og_site_name":"Valley Homes Mallorca","article_modified_time":"2026-03-06T13:09:00+00:00","og_image":[{"url":"https:\/\/www.valleyhomesmallorca.com\/wp-content\/uploads\/2022\/08\/Nosotros-final.jpg","type":"","width":"","height":""}],"twitter_card":"summary_large_image","twitter_misc":{"Gesch\u00e4tzte Lesezeit":"2\u00a0Minuten"},"schema":{"@context":"https:\/\/schema.org","@graph":[{"@type":"WebPage","@id":"https:\/\/www.valleyhomesmallorca.com\/de\/uber-uns\/","url":"https:\/\/www.valleyhomesmallorca.com\/de\/uber-uns\/","name":"Ania Iskandar - Valley Homes Mallorca","isPartOf":{"@id":"https:\/\/www.valleyhomesmallorca.com\/de\/#website"},"primaryImageOfPage":{"@id":"https:\/\/www.valleyhomesmallorca.com\/de\/uber-uns\/#primaryimage"},"image":{"@id":"https:\/\/www.valleyhomesmallorca.com\/de\/uber-uns\/#primaryimage"},"thumbnailUrl":"https:\/\/www.valleyhomesmallorca.com\/wp-content\/uploads\/2022\/08\/Nosotros-final.jpg","datePublished":"2022-07-05T16:01:38+00:00","dateModified":"2026-03-06T13:09:00+00:00","description":"Ferienvermietung und Hausverwaltung seit 2007.","breadcrumb":{"@id":"https:\/\/www.valleyhomesmallorca.com\/de\/uber-uns\/#breadcrumb"},"inLanguage":"de","potentialAction":[{"@type":"ReadAction","target":["https:\/\/www.valleyhomesmallorca.com\/de\/uber-uns\/"]}]},{"@type":"ImageObject","inLanguage":"de","@id":"https:\/\/www.valleyhomesmallorca.com\/de\/uber-uns\/#primaryimage","url":"https:\/\/www.valleyhomesmallorca.com\/wp-content\/uploads\/2022\/08\/Nosotros-final.jpg","contentUrl":"https:\/\/www.valleyhomesmallorca.com\/wp-content\/uploads\/2022\/08\/Nosotros-final.jpg"},{"@type":"BreadcrumbList","@id":"https:\/\/www.valleyhomesmallorca.com\/de\/uber-uns\/#breadcrumb","itemListElement":[{"@type":"ListItem","position":1,"name":"Home","item":"https:\/\/www.valleyhomesmallorca.com\/de\/"},{"@type":"ListItem","position":2,"name":"\u00dcBER UNS"}]},{"@type":"WebSite","@id":"https:\/\/www.valleyhomesmallorca.com\/de\/#website","url":"https:\/\/www.valleyhomesmallorca.com\/de\/","name":"Valley Homes Mallorca","description":"Property Management and Holiday Rentals in Mallorca","publisher":{"@id":"https:\/\/www.valleyhomesmallorca.com\/de\/#organization"},"potentialAction":[{"@type":"SearchAction","target":{"@type":"EntryPoint","urlTemplate":"https:\/\/www.valleyhomesmallorca.com\/de\/?s={search_term_string}"},"query-input":{"@type":"PropertyValueSpecification","valueRequired":true,"valueName":"search_term_string"}}],"inLanguage":"de"},{"@type":"Organization","@id":"https:\/\/www.valleyhomesmallorca.com\/de\/#organization","name":"Valley Homes Mallorca","url":"https:\/\/www.valleyhomesmallorca.com\/de\/","logo":{"@type":"ImageObject","inLanguage":"de","@id":"https:\/\/www.valleyhomesmallorca.com\/de\/#\/schema\/logo\/image\/","url":"https:\/\/www.valleyhomesmallorca.com\/wp-content\/uploads\/2022\/07\/logo.svg","contentUrl":"https:\/\/www.valleyhomesmallorca.com\/wp-content\/uploads\/2022\/07\/logo.svg","width":1,"height":1,"caption":"Valley Homes Mallorca"},"image":{"@id":"https:\/\/www.valleyhomesmallorca.com\/de\/#\/schema\/logo\/image\/"}}]}},"_links":{"self":[{"href":"https:\/\/www.valleyhomesmallorca.com\/de\/wp-json\/wp\/v2\/pages\/577","targetHints":{"allow":["GET"]}}],"collection":[{"href":"https:\/\/www.valleyhomesmallorca.com\/de\/wp-json\/wp\/v2\/pages"}],"about":[{"href":"https:\/\/www.valleyhomesmallorca.com\/de\/wp-json\/wp\/v2\/types\/page"}],"author":[{"embeddable":true,"href":"https:\/\/www.valleyhomesmallorca.com\/de\/wp-json\/wp\/v2\/users\/1"}],"replies":[{"embeddable":true,"href":"https:\/\/www.valleyhomesmallorca.com\/de\/wp-json\/wp\/v2\/comments?post=577"}],"version-history":[{"count":2,"href":"https:\/\/www.valleyhomesmallorca.com\/de\/wp-json\/wp\/v2\/pages\/577\/revisions"}],"predecessor-version":[{"id":5148,"href":"https:\/\/www.valleyhomesmallorca.com\/de\/wp-json\/wp\/v2\/pages\/577\/revisions\/5148"}],"wp:attachment":[{"href":"https:\/\/www.valleyhomesmallorca.com\/de\/wp-json\/wp\/v2\/media?parent=577"}],"curies":[{"name":"wp","href":"https:\/\/api.w.org\/{rel}","templated":true}]}}