{"id":2372,"date":"2022-08-10T09:59:44","date_gmt":"2022-08-10T09:59:44","guid":{"rendered":"https:\/\/www.valleyhomesmallorca.com\/rentals-terms-conditions\/"},"modified":"2023-01-29T10:48:32","modified_gmt":"2023-01-29T10:48:32","slug":"rentals-terms-conditions","status":"publish","type":"page","link":"https:\/\/www.valleyhomesmallorca.com\/de\/rentals-terms-conditions\/","title":{"rendered":"Mietbedingungen f\u00fcr Ferienunterk\u00fcnfte"},"content":{"rendered":"\n<hr class=\"wp-block-separator has-alpha-channel-opacity\"\/>\n\n\n\n<hr class=\"wp-block-separator has-alpha-channel-opacity\"\/>\n\n\n\n<p><strong>Einleitung<\/strong><\/p>\n\n\n\n<p>Die Begriffe \u201eGast\u201c, \u201eIhre\u201c und \u201eSie\u201c beziehen sich auf die Person, die ein Objekt bucht. \u201eEigent\u00fcmer\u201c bezieht sich auf den Inhaber, Eigent\u00fcmer oder Vertreter des Immobilienobjektes. Valley Homes, \u201ewir\u201c, \u201euns\u201c und \u201eunser(e)\u201c bezieht sich auf Valley Homes. Mit \u201eObjekt\u201c ist die gebuchte Unterkunft gemeint.<\/p>\n\n\n\n<p>Durch die Buchung bei Valley Homes best\u00e4tigen Sie, dass Sie diese Buchungsbedingungen akzeptieren und diese einhalten werden.<\/p>\n\n\n\n<p><strong>Buchungsvereinbarung<\/strong><\/p>\n\n\n\n<p>Valley Homes handelt ausschlie\u00dflich als Vertreter des Eigent\u00fcmers des Objektes, das Sie buchen. Durch die Buchung einer Unterkunft bei uns als Vertreter gehen Sie nicht gegen\u00fcber uns, sondern gegen\u00fcber dem Eigent\u00fcmer eine vertragliche Verpflichtung als Mieter ein.<\/p>\n\n\n\n<p>Wir \u00fcbernehmen keinerlei Haftung f\u00fcr Probleme mit oder M\u00e4ngel in jeglichen Objekten. Diese liegen in der alleinigen Verantwortung des Eigent\u00fcmers.&nbsp;<\/p>\n\n\n\n<p>Unsere Verantwortung gegen\u00fcber Ihnen beschr\u00e4nkt sich auf die Buchung entsprechend diesen Buchungsbedingungen und Ihren Anweisungen.<\/p>\n\n\n\n<p><strong>Reservierungsannahme\/Zahlung&nbsp;<\/strong><\/p>\n\n\n\n<p>Innerhalb von f\u00fcnf Tagen nach Erhalt der Buchungsvereinbarung ist eine Anzahlung von 50 % des vereinbarten Mietpreises auf unser Bankkonto zu leisten.<\/p>\n\n\n\n<p>Valley Homes beh\u00e4lt sich das Recht vor, bei Zahlungsverzug vom Vertrag zur\u00fcckzutreten.<\/p>\n\n\n\n<p>Die Anzahlung ist per Bank\u00fcberweisung oder PayPal zu leisten.<\/p>\n\n\n\n<p>Eventuelle Transaktionsgeb\u00fchren, wie u. a. Wechselkursgeb\u00fchren, gehen zu Lasten des Gastes.<\/p>\n\n\n\n<p>Haben Sie eine Anzahlung geleistet, ist der Restbetrag bis sp\u00e4testens drei Wochen vor Urlaubsantritt zu leisten.<\/p>\n\n\n\n<p>Wird die Zahlung des Restbetrags zum F\u00e4lligkeitstermin vers\u00e4umt, informieren wir den Eigent\u00fcmer. Dieser ist berechtigt, Ihre Buchung zu stornieren und alle bislang von Ihnen geleisteten Zahlungen einzubehalten.&nbsp;<\/p>\n\n\n\n<p><strong>Genauigkeit der Angaben<\/strong><\/p>\n\n\n\n<p>Die Inhalte dieser Website wurden mit gr\u00f6\u00dfter Sorgfalt aufbereitet. Alle Angaben zu den Objekten wurden jedoch von den Eigent\u00fcmern zur Verf\u00fcgung gestellt und von uns nach besten Wissen und Gewissen wiedergegeben. Valley Homes haftet nicht f\u00fcr Fehler, Unterlassungen, Missverst\u00e4ndnisse oder Anspr\u00fcchen aus der Bewerbung.<\/p>\n\n\n\n<p><strong>H\u00f6here Gewalt oder Notf\u00e4lle<\/strong><\/p>\n\n\n\n<p>Gesetzt den Fall, vor dem Eincheckdatum oder w\u00e4hrend des Aufenthaltes ist der Eigent\u00fcmer aufgrund von h\u00f6herer Gewalt gezwungen, die Buchung zu stornieren. In einem solchen Fall beh\u00e4lt sich Valley Homes das Recht vor, das gebuchte Objekt durch eine gleichwertige Alternative zu ersetzen. Verzichtet der Kunde auf die angebotene Option, h\u00e4lt Valley Homes die Anzahlung f\u00fcr eine k\u00fcnftige Buchung unter Angabe einer G\u00fcltigkeitsfrist vor oder erstattet dem Kunden die Anzahlung zur\u00fcck.&nbsp;<\/p>\n\n\n\n<p><strong>Reklamationen und Instandhaltung<\/strong><\/p>\n\n\n\n<p>Valley Homes arbeitet mit den Eigent\u00fcmern zusammen, um alle Objekte und ihre Einrichtung in bestm\u00f6glichem Zustand zu erhalten. Im Fall von Reparaturarbeiten ist der Objekteigent\u00fcmer verantwortlich f\u00fcr Reparaturen innerhalb einer angemessenen Frist ab Datum der Benachrichtigung.<\/p>\n\n\n\n<p>Bei unvorhersehbaren technischen St\u00f6rungen wie Stromausfall, Unterbrechung der Telefon- und Internetverbindung, Ausfall der Wasserversorgung, Poolfilteranlagen, Whirlpools, Klimaanlage, Fernseh- oder Kabelversorgung, Ger\u00e4te usw. ist keine R\u00fcckerstattung oder Minderung zul\u00e4ssig.<\/p>\n\n\n\n<p>Der Gast ist verpflichtet, uns s\u00e4mtliche Probleme oder St\u00f6rungen im Objekt unverz\u00fcglich zu melden.<\/p>\n\n\n\n<p>Valley Homes oder der Objekteigent\u00fcmer \u00fcbernehmen keinerlei Haftung f\u00fcr nach der Abreise gemeldete Probleme. S\u00e4mtliche St\u00f6rungsmeldungen m\u00fcssen innerhalb des Buchungszeitraums erfolgen.<\/p>\n\n\n\n<p><strong>Pflichten des Gastes<\/strong><\/p>\n\n\n\n<p>Sie stellen sicher, dass Sie und alle Reisebegleiter Folgendes beachten:<\/p>\n\n\n\n<ul class=\"wp-block-list\">\n<li>Sie handeln w\u00e4hrend des Aufenthaltes im Objekt unter Einhaltung der Hausordnung angemessen und umsichtig.<\/li>\n<\/ul>\n\n\n\n<ul class=\"wp-block-list\">\n<li>Sie melden alle Sch\u00e4den und Besch\u00e4digungen w\u00e4hrend des Aufenthaltes und leisten Schadensersatz (Verschlei\u00df ausgenommen).<\/li>\n<\/ul>\n\n\n\n<ul class=\"wp-block-list\">\n<li>Sie beherbergen nicht mehr Personen, als die auf der Website angegebene Belegungszahl im Objekt erlaubt.<\/li>\n<\/ul>\n\n\n\n<ul class=\"wp-block-list\">\n<li>Sie verzichten im Objekt aufs Rauchen, Besucher und Mitreisende eingenommen.<\/li>\n<\/ul>\n\n\n\n<ul class=\"wp-block-list\">\n<li>Sie halten sich strikt an die geltenden Gesetze und Vorgaben der regionalen Beh\u00f6rden und gew\u00e4hrleisten, dass G\u00e4ste nicht illegal handeln oder \u00fcberm\u00e4\u00dfige Sch\u00e4den, L\u00e4rmbel\u00e4stigung oder St\u00f6rungen verursachen.<\/li>\n<\/ul>\n\n\n\n<p>Beim Versto\u00df gegen diese Verpflichtungen sind wir und der Eigent\u00fcmer zu einer angemessenen Geb\u00fchr berechtigt. In schweren F\u00e4llen droht eine vorzeitige R\u00e4umung des Objektes ohne Anspruch auf Ersatz oder R\u00fcckerstattung.<\/p>\n\n\n\n<p><strong>Endreinigung<\/strong><\/p>\n\n\n\n<p>Bei der Abreise ist das Objekt ordentlich und gereinigt zu \u00fcbergeben. Auch wenn die Endreinigung im Mietpreis enthalten ist, stellt es den Mieter nicht frei, abzuwaschen, den Abfall zu entsorgen und das Anwesen bei der Abreise innen wie au\u00dfen in einem ordentlichen Zustand zu \u00fcbergeben.<\/p>\n\n\n\n<p>Wenn das Objekt in einem unannehmbaren Zustand hinterlassen wurde, beh\u00e4lt sich der Eigent\u00fcmer beh\u00e4lt sich das Recht vor, etwaige Zusatzkosten f\u00fcr die Reinigung \u201egegen entsprechende Mitteilung\u201c dem Kunden in Rechnung zu stellen.<\/p>\n\n\n\n<p><strong>Stornierungen und R\u00fcckerstattungen<\/strong><\/p>\n\n\n\n<p>Muss aus welchen Gr\u00fcnden auch immer die Buchung storniert werden, ist Valley Homes sofort davon in Kenntnis zu setzen. Die Stornierung gilt ab dem Zeitpunkt, an dem das Unternehmen schriftlich davon erfahren hat.<\/p>\n\n\n\n<p>Unser Anspruch ist, alle Abl\u00e4ufe zu vereinfachen, damit unsere G\u00e4ste guten Gewissens buchen k\u00f6nnen. Sollten Sie Ihren Aufenthalt stornieren wollen, wird Ihnen der Preis zu 100 % r\u00fcckerstattet, wenn die Stornierung bis sp\u00e4testens 30 Tage vor Ankunft erfolgt.<\/p>\n\n\n\n<p>Bei einer Stornierung zwischen 29 und 14 Tagen vor der Anreise erhalten Sie 50 % des Preises zur\u00fcck. In allen anderen F\u00e4llen besteht kein Anspruch auf R\u00fcckerstattung.<\/p>\n\n\n\n<p>Wir empfehlen eine Reiser\u00fccktrittsversicherung, damit Sie im Fall der F\u00e4lle gesch\u00fctzt sind. Andernfalls tragen Sie alleinige Risiko f\u00fcr die Kosten Ihres Reiser\u00fccktritts.<\/p>\n\n\n\n<p><strong>Einchecken\/Auschecken<\/strong><\/p>\n\n\n\n<p>Einchecken ist ab 16 Uhr m\u00f6glich, Auschecken bis 10 Uhr<strong>.<\/strong><\/p>\n\n\n\n<p>Einchecken zu einem fr\u00fcheren Zeitpunkt oder sp\u00e4teres Auschecken auf Anfrage. Die Entscheidung, ob ein fr\u00fcheres Einchecken oder sp\u00e4teres Auschecken m\u00f6glich ist, h\u00e4ngt davon ab, ob zum Zeitpunkt der Anreise\/Abreise bereits andere Reservierungen vorliegen.<\/p>\n\n\n\n<p><strong>Gerichtsbarkeit<\/strong><\/p>\n\n\n\n<p>Diese Bedingungen unterliegen dem geltenden Recht des Landes, in dem sich das Objekt befindet.<\/p>\n","protected":false},"excerpt":{"rendered":"<p>Einleitung Die Begriffe \u201eGast\u201c, \u201eIhre\u201c und \u201eSie\u201c beziehen sich auf die Person, die ein Objekt bucht. \u201eEigent\u00fcmer\u201c bezieht sich auf den Inhaber, Eigent\u00fcmer oder Vertreter des Immobilienobjektes. Valley Homes, \u201ewir\u201c, \u201euns\u201c und \u201eunser(e)\u201c bezieht sich auf Valley Homes. Mit \u201eObjekt\u201c ist die gebuchte Unterkunft gemeint. Durch die Buchung bei Valley Homes best\u00e4tigen Sie, dass Sie [&hellip;]<\/p>\n","protected":false},"author":1,"featured_media":0,"parent":0,"menu_order":0,"comment_status":"closed","ping_status":"closed","template":"","meta":{"_acf_changed":false,"footnotes":""},"class_list":["post-2372","page","type-page","status-publish","hentry"],"acf":[],"yoast_head":"<!-- This site is optimized with the Yoast SEO plugin v26.5 - https:\/\/yoast.com\/wordpress\/plugins\/seo\/ -->\n<title>Mietbedingungen f\u00fcr Ferienunterk\u00fcnfte - Valley Homes Mallorca<\/title>\n<meta name=\"description\" content=\"Mietbedingungen f\u00fcr Ferienunterk\u00fcnfte - Valley Homes Mallorca\" \/>\n<meta name=\"robots\" content=\"index, follow, max-snippet:-1, max-image-preview:large, max-video-preview:-1\" \/>\n<link rel=\"canonical\" href=\"https:\/\/www.valleyhomesmallorca.com\/de\/rentals-terms-conditions\/\" \/>\n<meta property=\"og:locale\" content=\"de_DE\" \/>\n<meta property=\"og:type\" content=\"article\" \/>\n<meta property=\"og:title\" content=\"Mietbedingungen f\u00fcr Ferienunterk\u00fcnfte - Valley Homes Mallorca\" \/>\n<meta property=\"og:description\" content=\"Mietbedingungen f\u00fcr Ferienunterk\u00fcnfte - Valley Homes Mallorca\" \/>\n<meta property=\"og:url\" content=\"https:\/\/www.valleyhomesmallorca.com\/de\/rentals-terms-conditions\/\" \/>\n<meta property=\"og:site_name\" content=\"Valley Homes Mallorca\" \/>\n<meta property=\"article:modified_time\" content=\"2023-01-29T10:48:32+00:00\" \/>\n<meta name=\"twitter:card\" content=\"summary_large_image\" \/>\n<meta name=\"twitter:label1\" content=\"Gesch\u00e4tzte Lesezeit\" \/>\n\t<meta name=\"twitter:data1\" content=\"4\u00a0Minuten\" \/>\n<script type=\"application\/ld+json\" class=\"yoast-schema-graph\">{\"@context\":\"https:\/\/schema.org\",\"@graph\":[{\"@type\":\"WebPage\",\"@id\":\"https:\/\/www.valleyhomesmallorca.com\/de\/rentals-terms-conditions\/\",\"url\":\"https:\/\/www.valleyhomesmallorca.com\/de\/rentals-terms-conditions\/\",\"name\":\"Mietbedingungen f\u00fcr Ferienunterk\u00fcnfte - Valley Homes Mallorca\",\"isPartOf\":{\"@id\":\"https:\/\/www.valleyhomesmallorca.com\/de\/#website\"},\"datePublished\":\"2022-08-10T09:59:44+00:00\",\"dateModified\":\"2023-01-29T10:48:32+00:00\",\"description\":\"Mietbedingungen f\u00fcr Ferienunterk\u00fcnfte - Valley Homes Mallorca\",\"breadcrumb\":{\"@id\":\"https:\/\/www.valleyhomesmallorca.com\/de\/rentals-terms-conditions\/#breadcrumb\"},\"inLanguage\":\"de\",\"potentialAction\":[{\"@type\":\"ReadAction\",\"target\":[\"https:\/\/www.valleyhomesmallorca.com\/de\/rentals-terms-conditions\/\"]}]},{\"@type\":\"BreadcrumbList\",\"@id\":\"https:\/\/www.valleyhomesmallorca.com\/de\/rentals-terms-conditions\/#breadcrumb\",\"itemListElement\":[{\"@type\":\"ListItem\",\"position\":1,\"name\":\"Home\",\"item\":\"https:\/\/www.valleyhomesmallorca.com\/de\/\"},{\"@type\":\"ListItem\",\"position\":2,\"name\":\"Mietbedingungen f\u00fcr Ferienunterk\u00fcnfte\"}]},{\"@type\":\"WebSite\",\"@id\":\"https:\/\/www.valleyhomesmallorca.com\/de\/#website\",\"url\":\"https:\/\/www.valleyhomesmallorca.com\/de\/\",\"name\":\"Valley Homes Mallorca\",\"description\":\"Property Management and Holiday Rentals in Mallorca\",\"publisher\":{\"@id\":\"https:\/\/www.valleyhomesmallorca.com\/de\/#organization\"},\"potentialAction\":[{\"@type\":\"SearchAction\",\"target\":{\"@type\":\"EntryPoint\",\"urlTemplate\":\"https:\/\/www.valleyhomesmallorca.com\/de\/?s={search_term_string}\"},\"query-input\":{\"@type\":\"PropertyValueSpecification\",\"valueRequired\":true,\"valueName\":\"search_term_string\"}}],\"inLanguage\":\"de\"},{\"@type\":\"Organization\",\"@id\":\"https:\/\/www.valleyhomesmallorca.com\/de\/#organization\",\"name\":\"Valley Homes Mallorca\",\"url\":\"https:\/\/www.valleyhomesmallorca.com\/de\/\",\"logo\":{\"@type\":\"ImageObject\",\"inLanguage\":\"de\",\"@id\":\"https:\/\/www.valleyhomesmallorca.com\/de\/#\/schema\/logo\/image\/\",\"url\":\"https:\/\/www.valleyhomesmallorca.com\/wp-content\/uploads\/2022\/07\/logo.svg\",\"contentUrl\":\"https:\/\/www.valleyhomesmallorca.com\/wp-content\/uploads\/2022\/07\/logo.svg\",\"width\":1,\"height\":1,\"caption\":\"Valley Homes Mallorca\"},\"image\":{\"@id\":\"https:\/\/www.valleyhomesmallorca.com\/de\/#\/schema\/logo\/image\/\"}}]}<\/script>\n<!-- \/ Yoast SEO plugin. -->","yoast_head_json":{"title":"Mietbedingungen f\u00fcr Ferienunterk\u00fcnfte - Valley Homes Mallorca","description":"Mietbedingungen f\u00fcr Ferienunterk\u00fcnfte - Valley Homes Mallorca","robots":{"index":"index","follow":"follow","max-snippet":"max-snippet:-1","max-image-preview":"max-image-preview:large","max-video-preview":"max-video-preview:-1"},"canonical":"https:\/\/www.valleyhomesmallorca.com\/de\/rentals-terms-conditions\/","og_locale":"de_DE","og_type":"article","og_title":"Mietbedingungen f\u00fcr Ferienunterk\u00fcnfte - Valley Homes Mallorca","og_description":"Mietbedingungen f\u00fcr Ferienunterk\u00fcnfte - Valley Homes Mallorca","og_url":"https:\/\/www.valleyhomesmallorca.com\/de\/rentals-terms-conditions\/","og_site_name":"Valley Homes Mallorca","article_modified_time":"2023-01-29T10:48:32+00:00","twitter_card":"summary_large_image","twitter_misc":{"Gesch\u00e4tzte Lesezeit":"4\u00a0Minuten"},"schema":{"@context":"https:\/\/schema.org","@graph":[{"@type":"WebPage","@id":"https:\/\/www.valleyhomesmallorca.com\/de\/rentals-terms-conditions\/","url":"https:\/\/www.valleyhomesmallorca.com\/de\/rentals-terms-conditions\/","name":"Mietbedingungen f\u00fcr Ferienunterk\u00fcnfte - Valley Homes Mallorca","isPartOf":{"@id":"https:\/\/www.valleyhomesmallorca.com\/de\/#website"},"datePublished":"2022-08-10T09:59:44+00:00","dateModified":"2023-01-29T10:48:32+00:00","description":"Mietbedingungen f\u00fcr Ferienunterk\u00fcnfte - Valley Homes Mallorca","breadcrumb":{"@id":"https:\/\/www.valleyhomesmallorca.com\/de\/rentals-terms-conditions\/#breadcrumb"},"inLanguage":"de","potentialAction":[{"@type":"ReadAction","target":["https:\/\/www.valleyhomesmallorca.com\/de\/rentals-terms-conditions\/"]}]},{"@type":"BreadcrumbList","@id":"https:\/\/www.valleyhomesmallorca.com\/de\/rentals-terms-conditions\/#breadcrumb","itemListElement":[{"@type":"ListItem","position":1,"name":"Home","item":"https:\/\/www.valleyhomesmallorca.com\/de\/"},{"@type":"ListItem","position":2,"name":"Mietbedingungen f\u00fcr Ferienunterk\u00fcnfte"}]},{"@type":"WebSite","@id":"https:\/\/www.valleyhomesmallorca.com\/de\/#website","url":"https:\/\/www.valleyhomesmallorca.com\/de\/","name":"Valley Homes Mallorca","description":"Property Management and Holiday Rentals in Mallorca","publisher":{"@id":"https:\/\/www.valleyhomesmallorca.com\/de\/#organization"},"potentialAction":[{"@type":"SearchAction","target":{"@type":"EntryPoint","urlTemplate":"https:\/\/www.valleyhomesmallorca.com\/de\/?s={search_term_string}"},"query-input":{"@type":"PropertyValueSpecification","valueRequired":true,"valueName":"search_term_string"}}],"inLanguage":"de"},{"@type":"Organization","@id":"https:\/\/www.valleyhomesmallorca.com\/de\/#organization","name":"Valley Homes Mallorca","url":"https:\/\/www.valleyhomesmallorca.com\/de\/","logo":{"@type":"ImageObject","inLanguage":"de","@id":"https:\/\/www.valleyhomesmallorca.com\/de\/#\/schema\/logo\/image\/","url":"https:\/\/www.valleyhomesmallorca.com\/wp-content\/uploads\/2022\/07\/logo.svg","contentUrl":"https:\/\/www.valleyhomesmallorca.com\/wp-content\/uploads\/2022\/07\/logo.svg","width":1,"height":1,"caption":"Valley Homes Mallorca"},"image":{"@id":"https:\/\/www.valleyhomesmallorca.com\/de\/#\/schema\/logo\/image\/"}}]}},"_links":{"self":[{"href":"https:\/\/www.valleyhomesmallorca.com\/de\/wp-json\/wp\/v2\/pages\/2372","targetHints":{"allow":["GET"]}}],"collection":[{"href":"https:\/\/www.valleyhomesmallorca.com\/de\/wp-json\/wp\/v2\/pages"}],"about":[{"href":"https:\/\/www.valleyhomesmallorca.com\/de\/wp-json\/wp\/v2\/types\/page"}],"author":[{"embeddable":true,"href":"https:\/\/www.valleyhomesmallorca.com\/de\/wp-json\/wp\/v2\/users\/1"}],"replies":[{"embeddable":true,"href":"https:\/\/www.valleyhomesmallorca.com\/de\/wp-json\/wp\/v2\/comments?post=2372"}],"version-history":[{"count":3,"href":"https:\/\/www.valleyhomesmallorca.com\/de\/wp-json\/wp\/v2\/pages\/2372\/revisions"}],"predecessor-version":[{"id":3860,"href":"https:\/\/www.valleyhomesmallorca.com\/de\/wp-json\/wp\/v2\/pages\/2372\/revisions\/3860"}],"wp:attachment":[{"href":"https:\/\/www.valleyhomesmallorca.com\/de\/wp-json\/wp\/v2\/media?parent=2372"}],"curies":[{"name":"wp","href":"https:\/\/api.w.org\/{rel}","templated":true}]}}